{"id":6,"date":"2023-02-04T16:39:41","date_gmt":"2023-02-04T15:39:41","guid":{"rendered":"https:\/\/uraniah.de\/wblog\/?page_id=6"},"modified":"2026-04-20T18:46:52","modified_gmt":"2026-04-20T16:46:52","slug":"kurse","status":"publish","type":"page","link":"https:\/\/uraniah.de\/wblog\/kurse\/","title":{"rendered":"kurse"},"content":{"rendered":"\n<h2 class=\"wp-block-heading\">Kurse: Zeichnen und Malen in Volksdorf<\/h2>\n\n\n\n<div class=\"wp-block-media-text is-stacked-on-mobile\" style=\"grid-template-columns:42% auto\"><figure class=\"wp-block-media-text__media\"><img loading=\"lazy\" decoding=\"async\" width=\"671\" height=\"409\" src=\"https:\/\/uraniah.de\/wblog\/wp-content\/uploads\/2016\/09\/haus-mit_puppe-950-e1756652190207.jpg\" alt=\"\" class=\"wp-image-211 size-full\" srcset=\"https:\/\/uraniah.de\/wblog\/wp-content\/uploads\/2016\/09\/haus-mit_puppe-950-e1756652190207.jpg 671w, https:\/\/uraniah.de\/wblog\/wp-content\/uploads\/2016\/09\/haus-mit_puppe-950-e1756652190207-300x183.jpg 300w, https:\/\/uraniah.de\/wblog\/wp-content\/uploads\/2016\/09\/haus-mit_puppe-950-e1756652190207-508x310.jpg 508w\" sizes=\"auto, (max-width: 671px) 100vw, 671px\" \/><\/figure><div class=\"wp-block-media-text__content\">\n<p class=\"has-text-align-left has-small-font-size\"><strong>aktuelle Ank\u00fcndigungen:<\/strong><br>die <strong>Kurs-SommerFerien&nbsp;2025<\/strong> \u2013 sind vorbei. Die Kurse starten wieder am <strong>Montag 1. September<\/strong> (Der Saselkurs am <strong>Dienstag,  9. September<\/strong>)<\/p>\n<\/div><\/div>\n\n\n\n<div class=\"wp-block-media-text has-media-on-the-right is-stacked-on-mobile is-vertically-aligned-center\" style=\"grid-template-columns:auto 41%\"><div class=\"wp-block-media-text__content\">\n<p class=\"has-small-font-size\">Seit 1994 gebe ich Kurse im Zeichnen und Malen in Volksdorf. Anf\u00e4nglich fanden sie in der &#8222;Villa Martha&#8220;, der alten Jugendstilvilla statt, die 1998 abgerissen wurde. Jetzt finden Sie unsere Kurse im Hofgeb\u00e4ude (&#8222;Schweinestall&#8220;) der galerie unikat (<a rel=\"noreferrer noopener\" href=\"http:\/\/kunst-raum-volksdorf.de\" target=\"_blank\">dieKunstKate<\/a>), der alten Reetdachkate (Eulenkrugstra\u00dfe 60-64) gegen\u00fcber vom Einkaufszentrum &#8222;Eulenkrugpassage&#8220;.<\/p>\n<\/div><figure class=\"wp-block-media-text__media\"><img loading=\"lazy\" decoding=\"async\" width=\"853\" height=\"800\" src=\"https:\/\/uraniah.de\/wblog\/wp-content\/uploads\/2023\/02\/malen_drinnen.jpg\" alt=\"\" class=\"wp-image-305 size-full\" srcset=\"https:\/\/uraniah.de\/wblog\/wp-content\/uploads\/2023\/02\/malen_drinnen.jpg 853w, https:\/\/uraniah.de\/wblog\/wp-content\/uploads\/2023\/02\/malen_drinnen-300x281.jpg 300w, https:\/\/uraniah.de\/wblog\/wp-content\/uploads\/2023\/02\/malen_drinnen-768x720.jpg 768w, https:\/\/uraniah.de\/wblog\/wp-content\/uploads\/2023\/02\/malen_drinnen-508x476.jpg 508w\" sizes=\"auto, (max-width: 853px) 100vw, 853px\" \/><\/figure><\/div>\n\n\n\n<div class=\"wp-block-media-text is-stacked-on-mobile\"><figure class=\"wp-block-media-text__media\"><img loading=\"lazy\" decoding=\"async\" width=\"1024\" height=\"768\" src=\"https:\/\/uraniah.de\/wblog\/wp-content\/uploads\/2023\/02\/malen_im_garten-1024x768.jpg\" alt=\"\" class=\"wp-image-306 size-full\" srcset=\"https:\/\/uraniah.de\/wblog\/wp-content\/uploads\/2023\/02\/malen_im_garten-1024x768.jpg 1024w, https:\/\/uraniah.de\/wblog\/wp-content\/uploads\/2023\/02\/malen_im_garten-300x225.jpg 300w, https:\/\/uraniah.de\/wblog\/wp-content\/uploads\/2023\/02\/malen_im_garten-768x576.jpg 768w, https:\/\/uraniah.de\/wblog\/wp-content\/uploads\/2023\/02\/malen_im_garten-973x730.jpg 973w, https:\/\/uraniah.de\/wblog\/wp-content\/uploads\/2023\/02\/malen_im_garten-508x381.jpg 508w, https:\/\/uraniah.de\/wblog\/wp-content\/uploads\/2023\/02\/malen_im_garten.jpg 1067w\" sizes=\"auto, (max-width: 1024px) 100vw, 1024px\" \/><\/figure><div class=\"wp-block-media-text__content\">\n<p class=\"has-small-font-size\">Fr\u00fcher haben wir im Sommer oft drau\u00dfen gemalt, jetzt reicht der Platz (durch den Neubau nebenan) daf\u00fcr nicht mehr.<\/p>\n<\/div><\/div>\n\n\n\n<div class=\"wp-block-media-text has-media-on-the-right is-stacked-on-mobile\" style=\"grid-template-columns:auto 54%\"><div class=\"wp-block-media-text__content\">\n<p class=\"has-small-font-size\">Die kontinuierlichen Kurse finden w\u00f6chentlich zu verschiedenen Terminen statt. Au\u00dferdem gibt es zu bestimmten Themen und Techniken ein- oder mehrt\u00e4gige Extra-Kurse.<\/p>\n<\/div><figure class=\"wp-block-media-text__media\"><img loading=\"lazy\" decoding=\"async\" width=\"506\" height=\"240\" src=\"https:\/\/uraniah.de\/wblog\/wp-content\/uploads\/2023\/02\/Johannes_G_und-Eva_Wehdemeyer.jpg\" alt=\"\" class=\"wp-image-321 size-full\" srcset=\"https:\/\/uraniah.de\/wblog\/wp-content\/uploads\/2023\/02\/Johannes_G_und-Eva_Wehdemeyer.jpg 506w, https:\/\/uraniah.de\/wblog\/wp-content\/uploads\/2023\/02\/Johannes_G_und-Eva_Wehdemeyer-300x142.jpg 300w\" sizes=\"auto, (max-width: 506px) 100vw, 506px\" \/><\/figure><\/div>\n\n\n\n<h3 class=\"wp-block-heading\">kontinuierliche Kurse<\/h3>\n\n\n\n<p>Kontinuierliche Gruppen,<br>2 Stunden w\u00f6chentlich,<br>max 6 Teilnehmer, monatl. 75\u20ac<\/p>\n\n\n\n<p><strong>Montag<br><\/strong>morgens: 10-12, <br>ab nachmittags: 16-18 Uhr<br><strong>Dienstag<br><\/strong>11:15-14:15 Uhr in Sasel im <a href=\"https:\/\/sasel-haus.de\/\" target=\"_blank\" rel=\"noreferrer noopener\">Saselhaus<\/a><br><strong>Mittwoch<br><\/strong>16-18, 18-21 Uhr<\/p>\n\n\n\n<p>Am Anfang steht eine Bildidee oder ein Bildeinfall. Anhand dieser Idee werden die Realisierung, die verschiedenen Techniken, die in Frage kommen, besprochen und ein Anfang gemacht. Der Unterricht wendet sich an den Einzelnen: in kleinen Gruppen arbeitet jeder an seinen eigenen Themen und in seiner gew\u00e4hlten Technik.(\u00d6l, Acryl, Pastell-Kreide, Aquarell, Bleistift, Bunststift, &#8230;).<br>2 Stunden w\u00f6chentlich, kleine Gruppen, max 6 Teilnehmer, monatl. 75\u20ac &#8211; kostenlose Probestunde. gehalten von Eva Wehdemeyer<\/p>\n\n\n\n<h3 class=\"wp-block-heading\">Extra-Kurse<\/h3>\n\n\n\n<p>von Zeit zu Zeit oder bei Bedarf werden Extra-Kurse veranstaltet.<br><strong><br>Spachtelmassen<\/strong><br>Bilder oder Untergr\u00fcnde mit Spachtelmassen gestalten. Welche Spachtelmassen? Fertig Eingekaufte \/ Eigenh\u00e4ndig hergestellte Massen aus Steinmehlen + Bindemittel + Pigmenten und anderem. ab 3 bis max 6 Teilnehmer<br>a) 3-t\u00e4gig: \u20ac 185 incl Materialkosten<br>b) zweit\u00e4gig \u20ac 95 incl Materialkosten<\/p>\n\n\n\n<p><strong>Radierung &#8230;<\/strong><br>Strichtechniken &#8211; Kaltnadel und \u00c4tzen<br>(1 Kupferplatte f\u00fcr Kaltnadel, 1 Zinkplatte f\u00fcr die \u00c4tz-Radierung, B\u00fctten-Druckpapier, Tiefdruckfarbe &#8230;)<br>3-t\u00e4gig: \u20ac 185 incl Materialkosten (s.o.)<\/p>\n\n\n\n<p><strong>Dripping, Kipping, Laufenlassen<\/strong><br>Tr\u00f6pfeln, Schneiden, Kleben, Rei\u00dfen, Reiben, Acryl, Gouache, Pigmente- experimentelle und \u201eautomatische\u201c Techniken mit verschiedenen Materialien. 3-4 Teilnehmer<br>a) 3-t\u00e4gig: \u20ac 185 incl Materialkosten<br>b) eint\u00e4gig \u20ac 85 inc Materialkosten<\/p>\n\n\n\n<p><strong>Aktzeichnen<\/strong><br>So 18:30 Uhr f\u00fcr 2 oder 3 Stunden.<br>Teilnahmegeb\u00fchr 40\u20ac + Modellgeld (5-10 \u20ac je<br>nach Teilnehmerzahl und Dauer)<\/p>\n\n\n\n<p><strong>perspektivisches Zeichnen<\/strong><br>die Kurse finden statt, sobald sich mindestens 4 Teilnehmer anmelden.<br>Nach Absprache ca 2 x 2,5 Stunden zusammen 70\u20ac<\/p>\n\n\n\n<p><strong>Farbenmischen I<\/strong><br>Einf\u00fchrungskurs Grundfarben, Koplement\u00e4rfarben, Farbkreis, leuchtende \/ stumpfe Farbt\u00f6ne mischen.<br>Ab 3 bis max. 6 Teilnehmer \u2013 3 Std 50.- \u20ac<\/p>\n\n\n\n<div class=\"wp-block-media-text has-media-on-the-right is-stacked-on-mobile\" style=\"grid-template-columns:auto 72%\"><div class=\"wp-block-media-text__content\">\n<p><strong>Kursausstellung<\/strong> im Oktober 2023 anl\u00e4sslich des 25 j\u00e4hrigen Jubil\u00e4ums der KunstKate Volksdorf<\/p>\n<\/div><figure class=\"wp-block-media-text__media\"><img loading=\"lazy\" decoding=\"async\" width=\"1024\" height=\"576\" src=\"https:\/\/uraniah.de\/wblog\/wp-content\/uploads\/2023\/11\/Oktober_Ausstellung_KunstKate-1024x576.jpg\" alt=\"\" class=\"wp-image-392 size-full\" srcset=\"https:\/\/uraniah.de\/wblog\/wp-content\/uploads\/2023\/11\/Oktober_Ausstellung_KunstKate-1024x576.jpg 1024w, https:\/\/uraniah.de\/wblog\/wp-content\/uploads\/2023\/11\/Oktober_Ausstellung_KunstKate-300x169.jpg 300w, https:\/\/uraniah.de\/wblog\/wp-content\/uploads\/2023\/11\/Oktober_Ausstellung_KunstKate-768x432.jpg 768w, https:\/\/uraniah.de\/wblog\/wp-content\/uploads\/2023\/11\/Oktober_Ausstellung_KunstKate-1536x864.jpg 1536w, https:\/\/uraniah.de\/wblog\/wp-content\/uploads\/2023\/11\/Oktober_Ausstellung_KunstKate-2048x1152.jpg 2048w, https:\/\/uraniah.de\/wblog\/wp-content\/uploads\/2023\/11\/Oktober_Ausstellung_KunstKate-973x547.jpg 973w, https:\/\/uraniah.de\/wblog\/wp-content\/uploads\/2023\/11\/Oktober_Ausstellung_KunstKate-508x286.jpg 508w\" sizes=\"auto, (max-width: 1024px) 100vw, 1024px\" \/><\/figure><\/div>\n","protected":false},"excerpt":{"rendered":"<p>Kurse: Zeichnen und Malen in Volksdorf aktuelle Ank\u00fcndigungen:die Kurs-SommerFerien&nbsp;2025 \u2013 sind vorbei. Die Kurse starten wieder am Montag 1. September (Der Saselkurs am Dienstag, 9. September) Seit 1994&#8230;<\/p>\n","protected":false},"author":1,"featured_media":0,"parent":0,"menu_order":0,"comment_status":"closed","ping_status":"closed","template":"","meta":{"footnotes":""},"class_list":["post-6","page","type-page","status-publish","hentry"],"_links":{"self":[{"href":"https:\/\/uraniah.de\/wblog\/wp-json\/wp\/v2\/pages\/6","targetHints":{"allow":["GET"]}}],"collection":[{"href":"https:\/\/uraniah.de\/wblog\/wp-json\/wp\/v2\/pages"}],"about":[{"href":"https:\/\/uraniah.de\/wblog\/wp-json\/wp\/v2\/types\/page"}],"author":[{"embeddable":true,"href":"https:\/\/uraniah.de\/wblog\/wp-json\/wp\/v2\/users\/1"}],"replies":[{"embeddable":true,"href":"https:\/\/uraniah.de\/wblog\/wp-json\/wp\/v2\/comments?post=6"}],"version-history":[{"count":10,"href":"https:\/\/uraniah.de\/wblog\/wp-json\/wp\/v2\/pages\/6\/revisions"}],"predecessor-version":[{"id":508,"href":"https:\/\/uraniah.de\/wblog\/wp-json\/wp\/v2\/pages\/6\/revisions\/508"}],"wp:attachment":[{"href":"https:\/\/uraniah.de\/wblog\/wp-json\/wp\/v2\/media?parent=6"}],"curies":[{"name":"wp","href":"https:\/\/api.w.org\/{rel}","templated":true}]}}